{"id":2909,"date":"2022-05-09T23:05:47","date_gmt":"2022-05-09T23:05:47","guid":{"rendered":"https:\/\/www.apostolicosanjose.edu.py\/web\/?page_id=2909"},"modified":"2022-05-09T23:34:57","modified_gmt":"2022-05-09T23:34:57","slug":"protocolo-y-guia-acoso-2022","status":"publish","type":"page","link":"https:\/\/www.apostolicosanjose.edu.py\/web\/protocolo-y-guia-acoso-2022\/","title":{"rendered":"Protocolo y Gu\u00eda Acoso 2022"},"content":{"rendered":"<h4 style=\"text-align: center;\"><span style=\"color: #333333;\">1- Ley 4633 contra el acoso escolar en instituciones educativas publicas, privadas y privadas subencionadas<\/span><\/h4>\n<p style=\"text-align: center;\"><a href=\"https:\/\/www.apostolicosanjose.edu.py\/web\/wp-content\/uploads\/2022\/05\/1-Ley-4633-contra-el-acoso-escolar-en-instituciones-educativas-publicas-privadas-y-privadas-subencionadas.pdf\">Descargar\u00a0<\/a><\/p>\n<h4 style=\"text-align: center;\"><span style=\"color: #333333;\">2- Resoluci\u00f3n 8353 MEC &#8211; protocolo de acci\u00f3n para caso de violencia y acoso escolar<\/span><\/h4>\n<p style=\"text-align: center;\"><a href=\"https:\/\/www.apostolicosanjose.edu.py\/web\/wp-content\/uploads\/2022\/05\/2-Resolucion-8353-MEC-protocolo-de-accion-para-caso-de-violencia-y-acoso-escolar.pdf\">Descargar<\/a><\/p>\n<h4 style=\"text-align: center;\">3- Protocolo de atenci\u00f3n\u00a0en instituciones educativas para casos de violencia entre pares y-o acoso escolar<\/h4>\n<p style=\"text-align: center;\"><a href=\"https:\/\/www.apostolicosanjose.edu.py\/web\/wp-content\/uploads\/2022\/05\/5.-PROTOCOLO-ACOSO-MEC_compressed.pdf\">Descargar<\/a><\/p>\n<h4 style=\"text-align: center;\">4- Gu\u00eda de prevenci\u00f3n Acoso Escolar Nivel Inicial<\/h4>\n<p style=\"text-align: center;\"><a href=\"https:\/\/www.apostolicosanjose.edu.py\/web\/wp-content\/uploads\/2022\/05\/4-Guia-de-prevencion-Acoso-Escolar-Nivel-Inicial_compressed.pdf\">Descargar<\/a><\/p>\n<h4 style=\"text-align: center;\">5- Gu\u00eda de Prevenci\u00f3n Acoso Escolara Primer ciclo<\/h4>\n<p style=\"text-align: center;\"><a href=\"https:\/\/www.apostolicosanjose.edu.py\/web\/wp-content\/uploads\/2022\/05\/5-Guia-de-Prevencion-Acoso-Escolara-Primer-ciclo.pdf\">Descargar<\/a><\/p>\n<h4 style=\"text-align: center;\">6- Gu\u00eda de prevenci\u00f3n Acoso Escolar Segundo Ciclo<\/h4>\n<p style=\"text-align: center;\"><a href=\"https:\/\/www.apostolicosanjose.edu.py\/web\/wp-content\/uploads\/2022\/05\/6-Guia-de-prevencion-Acoso-Escolar-Segundo-Ciclo.pdf\">Descargar<\/a><\/p>\n<h4 style=\"text-align: center;\">7- Gu\u00eda de prevenci\u00f3n Acoso Escolar Tercer Ciclo<\/h4>\n<p style=\"text-align: center;\"><a href=\"https:\/\/www.apostolicosanjose.edu.py\/web\/wp-content\/uploads\/2022\/05\/7-Guia-de-prevencion-Acoso-Escolar-Tercer-Ciclo.pdf\">Descargar<\/a><\/p>\n<h4 style=\"text-align: center;\">8- Gu\u00eda de Prevenci\u00f3n Acoso Escolar Nivel Medio<\/h4>\n<p style=\"text-align: center;\"><a href=\"https:\/\/www.apostolicosanjose.edu.py\/web\/wp-content\/uploads\/2022\/05\/8-Guia-de-Prevencion-Acoso-Escolar-Nivel-Medio.pdf\">Descargar<\/a><\/p>\n<h4 style=\"text-align: center;\">9- Resolucion_22446-2017 MEC<\/h4>\n<p style=\"text-align: center;\"><a href=\"https:\/\/www.apostolicosanjose.edu.py\/web\/wp-content\/uploads\/2022\/05\/9-Resolucion_22446-2017-MEC.pdf\">Descargar<\/a><\/p>\n<h4 style=\"text-align: center;\">10- Gu\u00eda de Intervenci\u00f3n Interinstitucional para la atenci\u00f3n de casos de vulneraci\u00f3n de los derechos sexuales y derechos reproductivos<\/h4>\n<p style=\"text-align: center;\"><a href=\"https:\/\/www.apostolicosanjose.edu.py\/web\/wp-content\/uploads\/2022\/05\/guiadeintervencionjaikuaa.pdf\">Descargar<\/a><\/p>\n<h4 style=\"text-align: center;\">11- Ley 6202 normas de prevenci\u00f3n del abuso sexual de los ni\u00f1os<\/h4>\n<p style=\"text-align: center;\"><a href=\"https:\/\/www.apostolicosanjose.edu.py\/web\/wp-content\/uploads\/2022\/05\/11-Ley-6202-normas-de-prevencion-del-abuso-sexual-de-los-ninos_compressed.pdf\">Descargar<\/a><\/p>\n","protected":false},"excerpt":{"rendered":"<p>1- Ley 4633 contra el acoso escolar en instituciones educativas publicas, privadas y privadas subencionadas Descargar\u00a0 2- Resoluci\u00f3n 8353 MEC &#8211; protocolo de acci\u00f3n para caso de violencia y acoso escolar Descargar 3- Protocolo de atenci\u00f3n\u00a0en instituciones educativas para casos de violencia entre pares y-o acoso escolar Descargar 4- Gu\u00eda de prevenci\u00f3n Acoso Escolar Nivel [&hellip;]<\/p>\n","protected":false},"author":1,"featured_media":0,"parent":0,"menu_order":0,"comment_status":"closed","ping_status":"closed","template":"","meta":{"footnotes":""},"class_list":["post-2909","page","type-page","status-publish","hentry"],"_links":{"self":[{"href":"https:\/\/www.apostolicosanjose.edu.py\/web\/wp-json\/wp\/v2\/pages\/2909","targetHints":{"allow":["GET"]}}],"collection":[{"href":"https:\/\/www.apostolicosanjose.edu.py\/web\/wp-json\/wp\/v2\/pages"}],"about":[{"href":"https:\/\/www.apostolicosanjose.edu.py\/web\/wp-json\/wp\/v2\/types\/page"}],"author":[{"embeddable":true,"href":"https:\/\/www.apostolicosanjose.edu.py\/web\/wp-json\/wp\/v2\/users\/1"}],"replies":[{"embeddable":true,"href":"https:\/\/www.apostolicosanjose.edu.py\/web\/wp-json\/wp\/v2\/comments?post=2909"}],"version-history":[{"count":7,"href":"https:\/\/www.apostolicosanjose.edu.py\/web\/wp-json\/wp\/v2\/pages\/2909\/revisions"}],"predecessor-version":[{"id":2917,"href":"https:\/\/www.apostolicosanjose.edu.py\/web\/wp-json\/wp\/v2\/pages\/2909\/revisions\/2917"}],"wp:attachment":[{"href":"https:\/\/www.apostolicosanjose.edu.py\/web\/wp-json\/wp\/v2\/media?parent=2909"}],"curies":[{"name":"wp","href":"https:\/\/api.w.org\/{rel}","templated":true}]}}