{"id":2156,"date":"2020-10-31T23:56:37","date_gmt":"2020-10-31T23:56:37","guid":{"rendered":"https:\/\/www.apostolicosanjose.edu.py\/web\/?page_id=2156"},"modified":"2025-11-13T16:45:20","modified_gmt":"2025-11-13T16:45:20","slug":"ficha-de-bonificacion-especial","status":"publish","type":"page","link":"https:\/\/www.apostolicosanjose.edu.py\/web\/ficha-de-bonificacion-especial\/","title":{"rendered":"Ficha de Bonificaci\u00f3n especial"},"content":{"rendered":"<p>[vc_row][vc_column][vc_empty_space][vc_column_text]Para obtener el derecho a solicitar esta bonificaci\u00f3n el alumno debe tener como m\u00ednimo un a\u00f1o de antig\u00fcedad dentro de la instituci\u00f3n y adem\u00e1s cumplir con los siguientes criterios.<\/p>\n<p><b>Se otorgar\u00e1n bonificaciones a:<\/b><br \/>\n1. Aquellas familias (N\u00facleo Familiar) con tres (3) o m\u00e1s hijos, matriculados o por matricular. En el Colegio Apost\u00f3lico San Jos\u00e9.<\/p>\n<p><b>OBSERVACION:<\/b><\/p>\n<ul>\n<li>Se otorgar\u00e1n las bonificaciones a partir del tercer hijo, del 30% sobre la cuota mensual de cada uno.<\/li>\n<li>La falta de pago de dos mensualidades consecutivas, generar\u00e1 la p\u00e9rdida definitiva de los descuentos otorgados.<\/li>\n<\/ul>\n<p>Si tiene dudas con relaci\u00f3n al formulario escribanos a\u00a0 cobranzas<b>@apostolicosanjose.edu.py<\/b><\/p>\n<h2><strong>Descargue la Ficha de Bonificaci\u00f3n Especial haciendo<\/strong><b>\u00a0<span style=\"color: #ff0000;\"><a style=\"color: #ff0000;\" href=\"https:\/\/www.apostolicosanjose.edu.py\/web\/wp-content\/uploads\/2025\/11\/FICHA-DE-BONIFICACION-ESPECIAL.pdf\" target=\"_blank\" rel=\"noopener\">clik aqu\u00ed.<\/a><\/span><\/b><\/h2>\n<p>[\/vc_column_text][\/vc_column][\/vc_row]<\/p>\n","protected":false},"excerpt":{"rendered":"<p>[vc_row][vc_column][vc_empty_space][vc_column_text]Para obtener el derecho a solicitar esta bonificaci\u00f3n el alumno debe tener como m\u00ednimo un a\u00f1o de antig\u00fcedad dentro de la instituci\u00f3n y adem\u00e1s cumplir con los siguientes criterios. Se otorgar\u00e1n bonificaciones a: 1. Aquellas familias (N\u00facleo Familiar) con tres (3) o m\u00e1s hijos, matriculados o por matricular. En el Colegio Apost\u00f3lico San Jos\u00e9. OBSERVACION: [&hellip;]<\/p>\n","protected":false},"author":1,"featured_media":0,"parent":0,"menu_order":0,"comment_status":"closed","ping_status":"closed","template":"","meta":{"footnotes":""},"class_list":["post-2156","page","type-page","status-publish","hentry"],"_links":{"self":[{"href":"https:\/\/www.apostolicosanjose.edu.py\/web\/wp-json\/wp\/v2\/pages\/2156","targetHints":{"allow":["GET"]}}],"collection":[{"href":"https:\/\/www.apostolicosanjose.edu.py\/web\/wp-json\/wp\/v2\/pages"}],"about":[{"href":"https:\/\/www.apostolicosanjose.edu.py\/web\/wp-json\/wp\/v2\/types\/page"}],"author":[{"embeddable":true,"href":"https:\/\/www.apostolicosanjose.edu.py\/web\/wp-json\/wp\/v2\/users\/1"}],"replies":[{"embeddable":true,"href":"https:\/\/www.apostolicosanjose.edu.py\/web\/wp-json\/wp\/v2\/comments?post=2156"}],"version-history":[{"count":9,"href":"https:\/\/www.apostolicosanjose.edu.py\/web\/wp-json\/wp\/v2\/pages\/2156\/revisions"}],"predecessor-version":[{"id":3646,"href":"https:\/\/www.apostolicosanjose.edu.py\/web\/wp-json\/wp\/v2\/pages\/2156\/revisions\/3646"}],"wp:attachment":[{"href":"https:\/\/www.apostolicosanjose.edu.py\/web\/wp-json\/wp\/v2\/media?parent=2156"}],"curies":[{"name":"wp","href":"https:\/\/api.w.org\/{rel}","templated":true}]}}