{"id":2100,"date":"2024-10-08T12:07:54","date_gmt":"2024-10-08T12:07:54","guid":{"rendered":"https:\/\/www.apostolicosanjose.edu.py\/web\/?page_id=2100"},"modified":"2025-11-13T12:24:28","modified_gmt":"2025-11-13T12:24:28","slug":"ficha-de-bonificacion2026","status":"publish","type":"page","link":"https:\/\/www.apostolicosanjose.edu.py\/web\/ficha-de-bonificacion2026\/","title":{"rendered":"Ficha de Bonificaci\u00f3n"},"content":{"rendered":"<p>El Colegio Apost\u00f3lico San Jos\u00e9 brinda un apoyo a familias con necesidad econ\u00f3mica brindando una bonificaci\u00f3n en las cuotas escolares de Alumnos de la Instituci\u00f3n.<\/p>\n<p>Para obtener el derecho a solicitar esta bonificaci\u00f3n el alumno debe tener como m\u00ednimo un a\u00f1o de antig\u00fcedad dentro de la instituci\u00f3n y adem\u00e1s cumplir con los siguientes criterios.<\/p>\n<p><b>\u00a0Se otorgar\u00e1n bonificaciones a:<\/b><br \/>\n1. Familias que se encuentran con necesidad de ayuda economica<br \/>\n2. Alumnos\/as a partir del 1er. grado de E.E.B.<br \/>\n3. Alumnos\/as matriculados\/as en este a\u00f1o lectivo, no a los\/as nuevos\/as alumnos\/as.<br \/>\n4. Alumnos\/as que no han registrado morosidad por m\u00e1s de dos meses en el a\u00f1o precedente.<br \/>\n5. En lo acad\u00e9mico:<br \/>\n\u21d2 1\u00b0-2\u00b0 Ciclo:<br \/>\n&#8211; No tener aplazos en los ex\u00e1menes finales &#8211; Responsabilidad: 4 (R.S.A)<br \/>\n&#8211; Promedio de Notas: 4<br \/>\n\u21d2 3er. Ciclo:<br \/>\nNo tener aplazos en los ex\u00e1menes finales &#8211; Promedio de notas: 4<br \/>\n&#8211; Responsabilidad: 4 &#8211; Respeto: 4 &#8211; Integraci\u00f3n: 4<br \/>\n\u21d2 Nivel Medio y T\u00e9cnico<br \/>\nNo tener aplazos en los ex\u00e1menes finales &#8211; Promedio de Notas: 4<br \/>\n&#8211; Responsabilidad: MB &#8211; Integraci\u00f3n: MB<\/p>\n<p><b>\u00a0OBSERVACION:<\/b><br \/>\nEn ning\u00fan caso se conceder\u00e1 bonificaci\u00f3n completa<br \/>\nSe otorgar\u00e1n las bonificaciones hasta un monto establecido dentro del Presupuesto Institucional.<br \/>\nEl incumplimiento de uno de los criterios arriba mencionados, ocasionar\u00eda la p\u00e9rdida autom\u00e1tica del derecho a la solicitud de Bonificaci\u00f3n para el a\u00f1o siguiente.<br \/>\nCualquier ocultamiento o falsedad constatados en los datos consignados conlleva a la p\u00e9rdida de la Bonificaci\u00f3n de forma autom\u00e1tica.<br \/>\nAlumnos\/as que obtengan Bonificaciones no podr\u00e1n atrasarse en el pago de las cuotas.<br \/>\nEl colegio se reserva el derecho de otorgar o no la bonificaci\u00f3n.<\/p>\n<h3>Descargue el Formulario de Bonificaci\u00f3n <a href=\"https:\/\/www.apostolicosanjose.edu.py\/web\/wp-content\/uploads\/2025\/11\/Ficha-de-Bonificacion.pdf\" target=\"_blank\" rel=\"noopener\">AQUI<\/a><\/h3>\n<h4><span style=\"color: #000000;\"><b>\u00a0*SE PODR\u00c1 COMPLETAR Y ENTREGAR EN LA INSTITUCI\u00d3N <\/b><\/span><span style=\"color: #000000;\"><b>HASTA EL 14 DE NOVIEMBRE 2025<\/b><\/span><\/h4>\n","protected":false},"excerpt":{"rendered":"<p>El Colegio Apost\u00f3lico San Jos\u00e9 brinda un apoyo a familias con necesidad econ\u00f3mica brindando una bonificaci\u00f3n en las cuotas escolares de Alumnos de la Instituci\u00f3n. Para obtener el derecho a solicitar esta bonificaci\u00f3n el alumno debe tener como m\u00ednimo un a\u00f1o de antig\u00fcedad dentro de la instituci\u00f3n y adem\u00e1s cumplir con los siguientes criterios. \u00a0Se [&hellip;]<\/p>\n","protected":false},"author":1,"featured_media":0,"parent":0,"menu_order":0,"comment_status":"closed","ping_status":"closed","template":"","meta":{"footnotes":""},"class_list":["post-2100","page","type-page","status-publish","hentry"],"_links":{"self":[{"href":"https:\/\/www.apostolicosanjose.edu.py\/web\/wp-json\/wp\/v2\/pages\/2100","targetHints":{"allow":["GET"]}}],"collection":[{"href":"https:\/\/www.apostolicosanjose.edu.py\/web\/wp-json\/wp\/v2\/pages"}],"about":[{"href":"https:\/\/www.apostolicosanjose.edu.py\/web\/wp-json\/wp\/v2\/types\/page"}],"author":[{"embeddable":true,"href":"https:\/\/www.apostolicosanjose.edu.py\/web\/wp-json\/wp\/v2\/users\/1"}],"replies":[{"embeddable":true,"href":"https:\/\/www.apostolicosanjose.edu.py\/web\/wp-json\/wp\/v2\/comments?post=2100"}],"version-history":[{"count":36,"href":"https:\/\/www.apostolicosanjose.edu.py\/web\/wp-json\/wp\/v2\/pages\/2100\/revisions"}],"predecessor-version":[{"id":3503,"href":"https:\/\/www.apostolicosanjose.edu.py\/web\/wp-json\/wp\/v2\/pages\/2100\/revisions\/3503"}],"wp:attachment":[{"href":"https:\/\/www.apostolicosanjose.edu.py\/web\/wp-json\/wp\/v2\/media?parent=2100"}],"curies":[{"name":"wp","href":"https:\/\/api.w.org\/{rel}","templated":true}]}}